{"id":3845,"date":"2026-04-29T00:02:59","date_gmt":"2026-04-28T23:02:59","guid":{"rendered":"https:\/\/porcellino.hu\/?post_type=product&#038;p=3845"},"modified":"2026-04-29T15:02:29","modified_gmt":"2026-04-29T14:02:29","slug":"pizza-sole-del-sud","status":"publish","type":"product","link":"https:\/\/porcellino.hu\/en\/rendeles\/pizza-sole-del-sud\/","title":{"rendered":"Pizza Sole del Sud &#8211; burrata kr\u00e9m, mozzarella, szarvasgomb\u00e1s cotto sonka, parmez\u00e1n, rukkola, aszalt paradicsom &#8211;"},"content":{"rendered":"","protected":false},"excerpt":{"rendered":"<h3>&#8211; burrata cream, mozzarella, truffle cotto ham, parmesan, arugula, sun-dried tomatoes &#8211;<\/h3>","protected":false},"featured_media":3859,"template":"","meta":{"site-sidebar-layout":"default","site-content-layout":"","ast-site-content-layout":"default","site-content-style":"default","site-sidebar-style":"default","ast-global-header-display":"","ast-banner-title-visibility":"","ast-main-header-display":"","ast-hfb-above-header-display":"","ast-hfb-below-header-display":"","ast-hfb-mobile-header-display":"","site-post-title":"","ast-breadcrumbs-content":"","ast-featured-img":"","footer-sml-layout":"","ast-disable-related-posts":"","theme-transparent-header-meta":"default","adv-header-id-meta":"","stick-header-meta":"default","header-above-stick-meta":"","header-main-stick-meta":"","header-below-stick-meta":"","astra-migrate-meta-layouts":"set","ast-page-background-enabled":"default","ast-page-background-meta":{"desktop":{"background-color":"var(--ast-global-color-5)","background-image":"","background-repeat":"repeat","background-position":"center center","background-size":"auto","background-attachment":"scroll","background-type":"","background-media":"","overlay-type":"","overlay-color":"","overlay-opacity":"","overlay-gradient":""},"tablet":{"background-color":"","background-image":"","background-repeat":"repeat","background-position":"center center","background-size":"auto","background-attachment":"scroll","background-type":"","background-media":"","overlay-type":"","overlay-color":"","overlay-opacity":"","overlay-gradient":""},"mobile":{"background-color":"","background-image":"","background-repeat":"repeat","background-position":"center center","background-size":"auto","background-attachment":"scroll","background-type":"","background-media":"","overlay-type":"","overlay-color":"","overlay-opacity":"","overlay-gradient":""}},"ast-content-background-meta":{"desktop":{"background-color":"var(--ast-global-color-4)","background-image":"","background-repeat":"repeat","background-position":"center center","background-size":"auto","background-attachment":"scroll","background-type":"","background-media":"","overlay-type":"","overlay-color":"","overlay-opacity":"","overlay-gradient":""},"tablet":{"background-color":"var(--ast-global-color-4)","background-image":"","background-repeat":"repeat","background-position":"center center","background-size":"auto","background-attachment":"scroll","background-type":"","background-media":"","overlay-type":"","overlay-color":"","overlay-opacity":"","overlay-gradient":""},"mobile":{"background-color":"var(--ast-global-color-4)","background-image":"","background-repeat":"repeat","background-position":"center center","background-size":"auto","background-attachment":"scroll","background-type":"","background-media":"","overlay-type":"","overlay-color":"","overlay-opacity":"","overlay-gradient":""}}},"product_brand":[],"product_cat":[32,22],"product_tag":[],"class_list":{"0":"post-3845","1":"product","2":"type-product","3":"status-publish","4":"has-post-thumbnail","6":"product_cat-a-sef-ajanlata","7":"product_cat-pizzak","8":"desktop-align-left","9":"tablet-align-left","10":"mobile-align-left","11":"ast-product-gallery-layout-horizontal-slider","12":"ast-product-gallery-with-no-image","13":"ast-product-tabs-layout-horizontal","15":"first","16":"instock","17":"shipping-taxable","18":"purchasable","19":"product-type-simple"},"exclude_global_add_ons":false,"addons":[{"name":"Megjegyz\u00e9sek","type":"custom_textarea","position":0,"required":false,"title_format":"label","default":"","description_enable":false,"description":"","placeholder_enable":true,"placeholder":"K\u00e9r\u00e9sek \u00e9s megjegyz\u00e9sek a rendel\u00e9ssel kapcsolatban","display":"select","restrictions_type":"any_text","adjust_price":false,"price":"","price_type":"flat_fee","restrictions":false,"min":"0","max":"0","options":[],"id":1759962195},{"name":"V\u00e1laszthat\u00f3 extr\u00e1k","type":"checkbox","position":0,"required":false,"title_format":"label","default":"","description_enable":false,"description":"","placeholder_enable":false,"placeholder":"","display":"select","restrictions_type":"any_text","adjust_price":false,"price":"","price_type":"flat_fee","restrictions":false,"min":"0","max":"0","options":[{"label":"Artics\u00f3ka","price":"940","price_type":"flat_fee","image":0,"visibility":true},{"label":"Bivaly mozzarella","price":"1790","price_type":"flat_fee","image":0,"visibility":true},{"label":"Dupla sajt","price":"990","price_type":"flat_fee","image":0,"visibility":true},{"label":"Garn\u00e9la","price":"2190","price_type":"flat_fee","image":0,"visibility":true},{"label":"Glut\u00e9n mentes","price":"1000","price_type":"flat_fee","image":0,"visibility":true},{"label":"Gomba","price":"590","price_type":"flat_fee","image":0,"visibility":true},{"label":"Hagyma","price":"470","price_type":"flat_fee","image":0,"visibility":true},{"label":"Kukorica","price":"410","price_type":"flat_fee","image":0,"visibility":true},{"label":"N\u00f6v\u00e9nyi sajt","price":"400","price_type":"flat_fee","image":0,"visibility":true},{"label":"Olivabogy\u00f3","price":"790","price_type":"flat_fee","image":0,"visibility":true},{"label":"Pancetta","price":"790","price_type":"flat_fee","image":0,"visibility":true},{"label":"Parmez\u00e1n","price":"830","price_type":"flat_fee","image":0,"visibility":true},{"label":"Pepperoni","price":"590","price_type":"flat_fee","image":0,"visibility":true},{"label":"Pizzasz\u00f3sz","price":"730","price_type":"flat_fee","image":0,"visibility":true},{"label":"Pr\u00e1gai sonka","price":"890","price_type":"flat_fee","image":0,"visibility":true},{"label":"Rukkola","price":"680","price_type":"flat_fee","image":0,"visibility":true},{"label":"Cs\u00edp\u0151s szal\u00e1mi","price":"890","price_type":"flat_fee","image":0,"visibility":true},{"label":"Csemege szal\u00e1mi","price":"890","price_type":"flat_fee","image":0,"visibility":true},{"label":"Tenger gy\u00fcm\u00f6lcsei","price":"3990","price_type":"flat_fee","image":0,"visibility":true},{"label":"Olajos tonhal","price":"1290","price_type":"flat_fee","image":0,"visibility":true}],"id":1758665954}],"_links":{"self":[{"href":"https:\/\/porcellino.hu\/en\/wp-json\/wp\/v2\/product\/3845","targetHints":{"allow":["GET"]}}],"collection":[{"href":"https:\/\/porcellino.hu\/en\/wp-json\/wp\/v2\/product"}],"about":[{"href":"https:\/\/porcellino.hu\/en\/wp-json\/wp\/v2\/types\/product"}],"wp:featuredmedia":[{"embeddable":true,"href":"https:\/\/porcellino.hu\/en\/wp-json\/wp\/v2\/media\/3859"}],"wp:attachment":[{"href":"https:\/\/porcellino.hu\/en\/wp-json\/wp\/v2\/media?parent=3845"}],"wp:term":[{"taxonomy":"product_brand","embeddable":true,"href":"https:\/\/porcellino.hu\/en\/wp-json\/wp\/v2\/product_brand?post=3845"},{"taxonomy":"product_cat","embeddable":true,"href":"https:\/\/porcellino.hu\/en\/wp-json\/wp\/v2\/product_cat?post=3845"},{"taxonomy":"product_tag","embeddable":true,"href":"https:\/\/porcellino.hu\/en\/wp-json\/wp\/v2\/product_tag?post=3845"}],"curies":[{"name":"wp","href":"https:\/\/api.w.org\/{rel}","templated":true}]}}