{"id":3794,"date":"2025-04-09T15:36:50","date_gmt":"2025-04-09T14:36:50","guid":{"rendered":"https:\/\/porcellino.hu\/?post_type=product&#038;p=3794"},"modified":"2026-04-23T20:24:39","modified_gmt":"2026-04-23T19:24:39","slug":"belszin-steak-grillezett-francia-kacsamajjal-burgonyapurevel-serpenyos-bebi-repaval-ropogos-hagymaval-es-pecsenyelevel","status":"publish","type":"product","link":"https:\/\/porcellino.hu\/en\/rendeles\/belszin-steak-grillezett-francia-kacsamajjal-burgonyapurevel-serpenyos-bebi-repaval-ropogos-hagymaval-es-pecsenyelevel\/","title":{"rendered":"B\u00e9lsz\u00edn steak grillezett francia kacsam\u00e1jjal, burgonyap\u00fcr\u00e9vel, serpeny\u0151s b\u00e9bi r\u00e9p\u00e1val, ropog\u00f3s hagym\u00e1val \u00e9s pecsenyel\u00e9vel"},"content":{"rendered":"","protected":false},"excerpt":{"rendered":"<h3>Beef tenderloin steak, seared French foie gras of duck, potato pur\u00e9e, sauteed baby carrots, crispy onions, gravy<\/h3>","protected":false},"featured_media":3820,"template":"","meta":{"site-sidebar-layout":"default","site-content-layout":"","ast-site-content-layout":"default","site-content-style":"default","site-sidebar-style":"default","ast-global-header-display":"","ast-banner-title-visibility":"","ast-main-header-display":"","ast-hfb-above-header-display":"","ast-hfb-below-header-display":"","ast-hfb-mobile-header-display":"","site-post-title":"","ast-breadcrumbs-content":"","ast-featured-img":"","footer-sml-layout":"","ast-disable-related-posts":"","theme-transparent-header-meta":"default","adv-header-id-meta":"","stick-header-meta":"default","header-above-stick-meta":"","header-main-stick-meta":"","header-below-stick-meta":"","astra-migrate-meta-layouts":"set","ast-page-background-enabled":"default","ast-page-background-meta":{"desktop":{"background-color":"var(--ast-global-color-5)","background-image":"","background-repeat":"repeat","background-position":"center center","background-size":"auto","background-attachment":"scroll","background-type":"","background-media":"","overlay-type":"","overlay-color":"","overlay-opacity":"","overlay-gradient":""},"tablet":{"background-color":"","background-image":"","background-repeat":"repeat","background-position":"center center","background-size":"auto","background-attachment":"scroll","background-type":"","background-media":"","overlay-type":"","overlay-color":"","overlay-opacity":"","overlay-gradient":""},"mobile":{"background-color":"","background-image":"","background-repeat":"repeat","background-position":"center center","background-size":"auto","background-attachment":"scroll","background-type":"","background-media":"","overlay-type":"","overlay-color":"","overlay-opacity":"","overlay-gradient":""}},"ast-content-background-meta":{"desktop":{"background-color":"var(--ast-global-color-4)","background-image":"","background-repeat":"repeat","background-position":"center center","background-size":"auto","background-attachment":"scroll","background-type":"","background-media":"","overlay-type":"","overlay-color":"","overlay-opacity":"","overlay-gradient":""},"tablet":{"background-color":"var(--ast-global-color-4)","background-image":"","background-repeat":"repeat","background-position":"center center","background-size":"auto","background-attachment":"scroll","background-type":"","background-media":"","overlay-type":"","overlay-color":"","overlay-opacity":"","overlay-gradient":""},"mobile":{"background-color":"var(--ast-global-color-4)","background-image":"","background-repeat":"repeat","background-position":"center center","background-size":"auto","background-attachment":"scroll","background-type":"","background-media":"","overlay-type":"","overlay-color":"","overlay-opacity":"","overlay-gradient":""}}},"product_brand":[],"product_cat":[20],"product_tag":[],"class_list":{"0":"post-3794","1":"product","2":"type-product","3":"status-publish","4":"has-post-thumbnail","6":"product_cat-husos-foetelek","7":"desktop-align-left","8":"tablet-align-left","9":"mobile-align-left","10":"ast-product-gallery-layout-horizontal-slider","11":"ast-product-gallery-with-no-image","12":"ast-product-tabs-layout-horizontal","14":"first","15":"instock","16":"shipping-taxable","17":"purchasable","18":"product-type-simple"},"exclude_global_add_ons":false,"addons":[{"name":"Megjegyz\u00e9sek","type":"custom_textarea","position":0,"required":false,"title_format":"label","default":"","description_enable":false,"description":"","placeholder_enable":true,"placeholder":"K\u00e9r\u00e9sek \u00e9s megjegyz\u00e9sek a rendel\u00e9ssel kapcsolatban","display":"select","restrictions_type":"any_text","adjust_price":false,"price":"","price_type":"flat_fee","restrictions":false,"min":"0","max":"0","options":[],"id":1759962195}],"_links":{"self":[{"href":"https:\/\/porcellino.hu\/en\/wp-json\/wp\/v2\/product\/3794","targetHints":{"allow":["GET"]}}],"collection":[{"href":"https:\/\/porcellino.hu\/en\/wp-json\/wp\/v2\/product"}],"about":[{"href":"https:\/\/porcellino.hu\/en\/wp-json\/wp\/v2\/types\/product"}],"wp:featuredmedia":[{"embeddable":true,"href":"https:\/\/porcellino.hu\/en\/wp-json\/wp\/v2\/media\/3820"}],"wp:attachment":[{"href":"https:\/\/porcellino.hu\/en\/wp-json\/wp\/v2\/media?parent=3794"}],"wp:term":[{"taxonomy":"product_brand","embeddable":true,"href":"https:\/\/porcellino.hu\/en\/wp-json\/wp\/v2\/product_brand?post=3794"},{"taxonomy":"product_cat","embeddable":true,"href":"https:\/\/porcellino.hu\/en\/wp-json\/wp\/v2\/product_cat?post=3794"},{"taxonomy":"product_tag","embeddable":true,"href":"https:\/\/porcellino.hu\/en\/wp-json\/wp\/v2\/product_tag?post=3794"}],"curies":[{"name":"wp","href":"https:\/\/api.w.org\/{rel}","templated":true}]}}